{"id":16858,"date":"2024-01-09T02:00:09","date_gmt":"2024-01-09T02:00:09","guid":{"rendered":"https:\/\/jetfeeder.com\/?page_id=16858"},"modified":"2024-03-14T19:30:25","modified_gmt":"2024-03-14T19:30:25","slug":"es-politica-de-proteccion-de-datos-personales","status":"publish","type":"page","link":"https:\/\/jetfeeder.com\/en\/es-politica-de-proteccion-de-datos-personales\/","title":{"rendered":"POL\u00cdTICA DE PROTECCI\u00d3N DE DATOS PERSONALES"},"content":{"rendered":"<div data-elementor-type=\"wp-page\" data-elementor-id=\"16858\" class=\"elementor elementor-16858\" data-elementor-post-type=\"page\">\n\t\t\t\t<div class=\"elementor-element elementor-element-c294521 e-flex e-con-boxed e-con e-parent\" data-id=\"c294521\" data-element_type=\"container\" data-e-type=\"container\">\n\t\t\t\t\t<div class=\"e-con-inner\">\n\t\t\t\t<div class=\"elementor-element elementor-element-189d941 elementor-widget elementor-widget-text-editor\" data-id=\"189d941\" data-element_type=\"widget\" data-e-type=\"widget\" data-widget_type=\"text-editor.default\">\n\t\t\t\t<div class=\"elementor-widget-container\">\n\t\t\t\t\t\t\t\t\t<p>gggggggggggggggggggggggggggggggggg la cosa muy malar.<\/p>\t\t\t\t\t\t\t\t<\/div>\n\t\t\t\t<\/div>\n\t\t\t\t\t<\/div>\n\t\t\t\t<\/div>\n\t\t<div class=\"elementor-element elementor-element-961a25e e-flex e-con-boxed e-con e-parent\" data-id=\"961a25e\" data-element_type=\"container\" data-e-type=\"container\">\n\t\t\t\t\t<div class=\"e-con-inner\">\n\t\t\t\t<div class=\"elementor-element elementor-element-03f5791 elementor-widget elementor-widget-spacer\" data-id=\"03f5791\" data-element_type=\"widget\" data-e-type=\"widget\" data-widget_type=\"spacer.default\">\n\t\t\t\t<div class=\"elementor-widget-container\">\n\t\t\t\t\t\t\t<div class=\"elementor-spacer\">\n\t\t\t<div class=\"elementor-spacer-inner\"><\/div>\n\t\t<\/div>\n\t\t\t\t\t\t<\/div>\n\t\t\t\t<\/div>\n\t\t\t\t\t<\/div>\n\t\t\t\t<\/div>\n\t\t<div class=\"elementor-element elementor-element-57767e2 e-flex e-con-boxed e-con e-parent\" data-id=\"57767e2\" data-element_type=\"container\" data-e-type=\"container\">\n\t\t\t\t\t<div class=\"e-con-inner\">\n\t\t\t\t<div class=\"elementor-element elementor-element-ffeb225 elementor-widget elementor-widget-heading\" data-id=\"ffeb225\" data-element_type=\"widget\" data-e-type=\"widget\" data-no-translation=\"\" data-widget_type=\"heading.default\">\n\t\t\t\t<div class=\"elementor-widget-container\">\n\t\t\t\t\t<style>.elementor-element-ffeb225{display:none !important}<\/style>\t\t\t\t<\/div>\n\t\t\t\t<\/div>\n\t\t\t\t<div class=\"elementor-element elementor-element-83dfdc4 elementor-widget elementor-widget-text-editor\" data-id=\"83dfdc4\" data-element_type=\"widget\" data-e-type=\"widget\" data-no-translation=\"\" data-widget_type=\"text-editor.default\">\n\t\t\t\t<div class=\"elementor-widget-container\">\n\t\t\t\t\t<style>.elementor-element-83dfdc4{display:none !important}<\/style>\t\t\t\t<\/div>\n\t\t\t\t<\/div>\n\t\t\t\t<div class=\"elementor-element elementor-element-d657fc6 elementor-widget elementor-widget-spacer\" data-id=\"d657fc6\" data-element_type=\"widget\" data-e-type=\"widget\" data-widget_type=\"spacer.default\">\n\t\t\t\t<div class=\"elementor-widget-container\">\n\t\t\t\t\t\t\t<div class=\"elementor-spacer\">\n\t\t\t<div class=\"elementor-spacer-inner\"><\/div>\n\t\t<\/div>\n\t\t\t\t\t\t<\/div>\n\t\t\t\t<\/div>\n\t\t\t\t<div class=\"elementor-element elementor-element-d6f67e1 elementor-widget elementor-widget-heading\" data-id=\"d6f67e1\" data-element_type=\"widget\" data-e-type=\"widget\" data-no-translation=\"\" data-widget_type=\"heading.default\">\n\t\t\t\t<div class=\"elementor-widget-container\">\n\t\t\t\t\t<h5 class=\"elementor-heading-title elementor-size-default\">PERSONAL DATA PROTECTION POLICY<\/h5>\t\t\t\t<\/div>\n\t\t\t\t<\/div>\n\t\t\t\t<div class=\"elementor-element elementor-element-1d8213d elementor-widget elementor-widget-text-editor\" data-id=\"1d8213d\" data-element_type=\"widget\" data-e-type=\"widget\" data-no-translation=\"\" data-widget_type=\"text-editor.default\">\n\t\t\t\t<div class=\"elementor-widget-container\">\n\t\t\t\t\t\t\t\t\t<ul>\n<li>JETFEEDER CIA. LTDA. (onwardsJETFEEDER), is committed to safeguarding the privacy of clients and users (hereinafter referred to asuser(s)) who visit your website (hereinafter referred to as thedigital channel). This personal data protection policy (hereinafter referred to asPersonal data protection policy) establishes the practices of collection and transmission of personal data in the Digital Channel with the objective of informing you of the ways in which the website collects personal data, the use that is given to said information and the ways in which we will share any personal data that you decide to provide to JETFEEDER.<\/li>\n<li>The Digital Channel may contain links to third party websites. If you access a third-party website through one of these links, please note that they have their own privacy policies, so JETFEEDER does not accept any responsibility for them or for the processing of personal data carried out on them. such websites. Please review applicable policiesbefore submitting personal information to such third-party websites.<\/li>\n<li>This Personal Data Protection Policy aims to explain privacy practices and addresses the following aspects:<br>to. What personal data about you we may collect<br>b. Uses of personal data<br>c. Transmission, storage and security of personal data<br>Yo. Internet security<br>ii. Transfer of personal data outside of Ecuador<br>iii. Storage limits<br>d. Your rights and how to contact us<br>Yo. Marketing<br>ii. Data update<br>iii. Rights of the owner<br>and. Cookies policy<br>F. Changes to the Personal Data Protection Policy or the Cookies Policy<\/li>\n<\/ul>\n<p><\/p><center><strong>What personal data about you we may collect<\/strong><\/center><p><\/p>\n<p>We will collect and process all or some of the following personal data about you:<\/p>\n<ul>\n<li><strong>Information provided by the user<\/strong> The personal data provided by the user includes the data entered in the contact forms on the website, such as, for example, identification and contact data.<\/li>\n<li><strong>Survey information<\/strong><br>We may ask you to complete surveys that we use for research purposes. In such circumstances, the information provided in the final survey will be collected.<\/li>\n<li><strong>&nbsp;Use of Websites and media<\/strong><br>When a user visits the Websites, details and information about those visits are collected through cookies and other tracking technologies. This information includes your IP address and domain name, browser version and operating system, traffic and location data, web logs, the resources you access, and other communication data.<\/li>\n<li><strong>Data provided by other sources<\/strong><br>We may collect your personal data from public sources and third parties.<\/li>\n<\/ul><div><br><\/div>\n<p><\/p><center><strong>Uses of personal data<\/strong><\/center><center><br><\/center><p><\/p>\n<ul>\n<li>This section establishes the purposes for which the user&#8217;s personal data is collected through the Digital Channel and, in accordance with the obligations imposed by Ecuadorian legislation, the legal reasons underlying the processing of the information are identified.<\/li>\n<li>These legal reasons are set out in the Organic Law on Data Protection, which allows companies to process personal data only in accordance with the specific legal reasons established in the law.<\/li>\n<li>Please note that, in addition to the disclosures identified below, personal information may be disclosed for the purposes explained herein to suppliers, contractors, agents, advisors (whether legal, financial, commercial or otherwise). of JETFEEDER acting on our behalf.<\/li>\n<li><strong>For effective communication and conducting business<\/strong><br>To conduct business or grant credit, which includes responding to queries, contacting the user, formalizing and legalizing processes before various public entities and meeting the obligations contracted in the agreements between JETFEEDER and the user.\n<ul>\n<li><strong>Justification for use<\/strong><br>In order to execute obligations and offer you our services, we take as legal basis the fulfillment of contractual obligations, compliance with legal obligations and our legitimate interest.<\/li>\n<\/ul>\n<\/li>\n<li><strong>To provide you with marketing materials<\/strong><br>To show you news and offers when you have agreed to receive them. Your personal information may also be used to offer you the products and services of JETFEEDER and its selected business partners by post, email, SMS and telephone. In the cases provided for by law, your consent will be asked at the time your data is collected to carry out any of these marketing actions. You have the option to unsubscribe or opt out of receiving further communications related to the marketing of electronic products, or you can contact JETFEEDER for this purpose by email at privacy@jetfeeder.com\n<ul>\n<li><strong>Justification for use<\/strong><br>To keep you informed of news related to our products and services, we take your consent and our legitimate interest as a legal basis.<\/li>\n<\/ul>\n<\/li>\n<li><strong>For research and development purposes<\/strong><br>To analyze personal data to better understand your and other customers&#8217; service and marketing requirements, as well as to better understand our business and develop higher quality products and services.\n<ul>\n<li><strong>Justification for use<\/strong><br>To improve our services, we take our legitimate interest as a basis for legitimacy.<\/li>\n<\/ul>\n<\/li>\n<li><strong>To monitor certain activities<\/strong><br>To monitor inquiries and transactions, ensure service quality and compliance with regulatory procedures and combat fraud.\n<ul>\n<li><strong>Justification for use<\/strong><br>To ensure the quality and legality of our services, we support the processing in<br>compliance with legal obligations, in compliance with judicial provisions and in our<\/li>\n<\/ul>\n<\/li>\n<li><strong>To inform you of the changes<\/strong><br>To communicate to you the changes made to our products and services.<br><strong>\u2022 Justification for use<\/strong><br>We will rely on our legitimate interest to inform you of changes to our services.<\/li>\n<li><strong>To ensure that Digital Channel content remains relevant<\/strong> To ensure that Digital Channel content is presented in the most effective way for the user and their devices, including the transmission of data to business partners, distributors or service<br>providers.\n<ul>\n<li><strong>Justification for use<\/strong><br>In order to be able to show you the content and services that appear on the Digital Channel, we use our legitimate interest as a basis of legitimacy.<\/li>\n<\/ul>\n<\/li>\n<\/ul>\t\t\t\t\t\t\t\t<\/div>\n\t\t\t\t<\/div>\n\t\t\t\t<div class=\"elementor-element elementor-element-7b2ac24 elementor-widget elementor-widget-spacer\" data-id=\"7b2ac24\" data-element_type=\"widget\" data-e-type=\"widget\" data-widget_type=\"spacer.default\">\n\t\t\t\t<div class=\"elementor-widget-container\">\n\t\t\t\t\t\t\t<div class=\"elementor-spacer\">\n\t\t\t<div class=\"elementor-spacer-inner\"><\/div>\n\t\t<\/div>\n\t\t\t\t\t\t<\/div>\n\t\t\t\t<\/div>\n\t\t\t\t\t<\/div>\n\t\t\t\t<\/div>\n\t\t\t\t<\/div>","protected":false},"excerpt":{"rendered":"<p>gggggggggggggggggggggggggggggggggg la cosa muy malar. POL\u00cdTICA DE PROTECCI\u00d3N DE DATOS PERSONALES JETFEEDER CIA. LTDA. (en adelante JETFEEDER), se compromete a salvaguardar la privacidad de los clientes y usuarios (en lo sucesivo denominados usuario(s)) que visitan su sitio web (en lo sucesivo denominado el Canal digital). Esta pol\u00edtica de protecci\u00f3n de datos personales (en lo sucesivo [&hellip;]<\/p>\n","protected":false},"author":4,"featured_media":0,"parent":0,"menu_order":0,"comment_status":"closed","ping_status":"closed","template":"","meta":{"footnotes":""},"class_list":["post-16858","page","type-page","status-publish","hentry"],"yoast_head":"<!-- This site is optimized with the Yoast SEO plugin v27.5 - https:\/\/yoast.com\/product\/yoast-seo-wordpress\/ -->\n<title>POL\u00cdTICA DE PROTECCI\u00d3N DE DATOS PERSONALES - JetFeeder Alimentaci\u00f3n Autom\u00e1tica Camarones<\/title>\n<meta name=\"description\" content=\"Pol\u00edtica de protecci\u00f3n de datos personales, Alimentaci\u00f3n Autom\u00e1tica para camarones Jetfeeder\" \/>\n<meta name=\"robots\" content=\"index, follow, max-snippet:-1, max-image-preview:large, max-video-preview:-1\" \/>\n<link rel=\"canonical\" href=\"https:\/\/jetfeeder.com\/en\/es-politica-de-proteccion-de-datos-personales\/\" \/>\n<meta property=\"og:locale\" content=\"en_US\" \/>\n<meta property=\"og:type\" content=\"article\" \/>\n<meta property=\"og:title\" content=\"POL\u00cdTICA DE PROTECCI\u00d3N DE DATOS PERSONALES - JetFeeder Alimentaci\u00f3n Autom\u00e1tica Camarones\" \/>\n<meta property=\"og:description\" content=\"Pol\u00edtica de protecci\u00f3n de datos personales, Alimentaci\u00f3n Autom\u00e1tica para camarones Jetfeeder\" \/>\n<meta property=\"og:url\" content=\"https:\/\/jetfeeder.com\/en\/es-politica-de-proteccion-de-datos-personales\/\" \/>\n<meta property=\"og:site_name\" content=\"JetFeeder Alimentaci\u00f3n Autom\u00e1tica Camarones\" \/>\n<meta property=\"article:modified_time\" content=\"2024-03-14T19:30:25+00:00\" \/>\n<meta name=\"twitter:card\" content=\"summary_large_image\" \/>\n<meta name=\"twitter:label1\" content=\"Est. reading time\" \/>\n\t<meta name=\"twitter:data1\" content=\"16 minutes\" \/>\n<script type=\"application\/ld+json\" class=\"yoast-schema-graph\">{\"@context\":\"https:\\\/\\\/schema.org\",\"@graph\":[{\"@type\":\"WebPage\",\"@id\":\"https:\\\/\\\/jetfeeder.com\\\/es-politica-de-proteccion-de-datos-personales\\\/\",\"url\":\"https:\\\/\\\/jetfeeder.com\\\/es-politica-de-proteccion-de-datos-personales\\\/\",\"name\":\"POL\u00cdTICA DE PROTECCI\u00d3N DE DATOS PERSONALES - JetFeeder Alimentaci\u00f3n Autom\u00e1tica Camarones\",\"isPartOf\":{\"@id\":\"https:\\\/\\\/jetfeeder.com\\\/#website\"},\"datePublished\":\"2024-01-09T02:00:09+00:00\",\"dateModified\":\"2024-03-14T19:30:25+00:00\",\"description\":\"Pol\u00edtica de protecci\u00f3n de datos personales, Alimentaci\u00f3n Autom\u00e1tica para camarones Jetfeeder\",\"breadcrumb\":{\"@id\":\"https:\\\/\\\/jetfeeder.com\\\/es-politica-de-proteccion-de-datos-personales\\\/#breadcrumb\"},\"inLanguage\":\"en-US\",\"potentialAction\":[{\"@type\":\"ReadAction\",\"target\":[\"https:\\\/\\\/jetfeeder.com\\\/es-politica-de-proteccion-de-datos-personales\\\/\"]}]},{\"@type\":\"BreadcrumbList\",\"@id\":\"https:\\\/\\\/jetfeeder.com\\\/es-politica-de-proteccion-de-datos-personales\\\/#breadcrumb\",\"itemListElement\":[{\"@type\":\"ListItem\",\"position\":1,\"name\":\"Portada\",\"item\":\"https:\\\/\\\/jetfeeder.com\\\/\"},{\"@type\":\"ListItem\",\"position\":2,\"name\":\"POL\u00cdTICA DE PROTECCI\u00d3N DE DATOS PERSONALES\"}]},{\"@type\":\"WebSite\",\"@id\":\"https:\\\/\\\/jetfeeder.com\\\/#website\",\"url\":\"https:\\\/\\\/jetfeeder.com\\\/\",\"name\":\"JetFeeder Alimentaci\u00f3n Autom\u00e1tica Camarones\",\"description\":\"La combinaci\u00f3n perfecta de tecnolog\u00eda y eficacia para maximizar el crecimiento y rentabilidad de tu camaronera.\",\"publisher\":{\"@id\":\"https:\\\/\\\/jetfeeder.com\\\/#organization\"},\"potentialAction\":[{\"@type\":\"SearchAction\",\"target\":{\"@type\":\"EntryPoint\",\"urlTemplate\":\"https:\\\/\\\/jetfeeder.com\\\/?s={search_term_string}\"},\"query-input\":{\"@type\":\"PropertyValueSpecification\",\"valueRequired\":true,\"valueName\":\"search_term_string\"}}],\"inLanguage\":\"en-US\"},{\"@type\":\"Organization\",\"@id\":\"https:\\\/\\\/jetfeeder.com\\\/#organization\",\"name\":\"JetFeeder Alimentaci\u00f3n Autom\u00e1tica Camarones\",\"url\":\"https:\\\/\\\/jetfeeder.com\\\/\",\"logo\":{\"@type\":\"ImageObject\",\"inLanguage\":\"en-US\",\"@id\":\"https:\\\/\\\/jetfeeder.com\\\/#\\\/schema\\\/logo\\\/image\\\/\",\"url\":\"https:\\\/\\\/jetfeeder.com\\\/wp-content\\\/uploads\\\/2024\\\/01\\\/Logo-Jetfeeder.png\",\"contentUrl\":\"https:\\\/\\\/jetfeeder.com\\\/wp-content\\\/uploads\\\/2024\\\/01\\\/Logo-Jetfeeder.png\",\"width\":85,\"height\":57,\"caption\":\"JetFeeder Alimentaci\u00f3n Autom\u00e1tica Camarones\"},\"image\":{\"@id\":\"https:\\\/\\\/jetfeeder.com\\\/#\\\/schema\\\/logo\\\/image\\\/\"}}]}<\/script>\n<!-- \/ Yoast SEO plugin. -->","yoast_head_json":{"title":"POL\u00cdTICA DE PROTECCI\u00d3N DE DATOS PERSONALES - JetFeeder Alimentaci\u00f3n Autom\u00e1tica Camarones","description":"Pol\u00edtica de protecci\u00f3n de datos personales, Alimentaci\u00f3n Autom\u00e1tica para camarones Jetfeeder","robots":{"index":"index","follow":"follow","max-snippet":"max-snippet:-1","max-image-preview":"max-image-preview:large","max-video-preview":"max-video-preview:-1"},"canonical":"https:\/\/jetfeeder.com\/en\/es-politica-de-proteccion-de-datos-personales\/","og_locale":"en_US","og_type":"article","og_title":"POL\u00cdTICA DE PROTECCI\u00d3N DE DATOS PERSONALES - JetFeeder Alimentaci\u00f3n Autom\u00e1tica Camarones","og_description":"Pol\u00edtica de protecci\u00f3n de datos personales, Alimentaci\u00f3n Autom\u00e1tica para camarones Jetfeeder","og_url":"https:\/\/jetfeeder.com\/en\/es-politica-de-proteccion-de-datos-personales\/","og_site_name":"JetFeeder Alimentaci\u00f3n Autom\u00e1tica Camarones","article_modified_time":"2024-03-14T19:30:25+00:00","twitter_card":"summary_large_image","twitter_misc":{"Est. reading time":"16 minutes"},"schema":{"@context":"https:\/\/schema.org","@graph":[{"@type":"WebPage","@id":"https:\/\/jetfeeder.com\/es-politica-de-proteccion-de-datos-personales\/","url":"https:\/\/jetfeeder.com\/es-politica-de-proteccion-de-datos-personales\/","name":"POL\u00cdTICA DE PROTECCI\u00d3N DE DATOS PERSONALES - JetFeeder Alimentaci\u00f3n Autom\u00e1tica Camarones","isPartOf":{"@id":"https:\/\/jetfeeder.com\/#website"},"datePublished":"2024-01-09T02:00:09+00:00","dateModified":"2024-03-14T19:30:25+00:00","description":"Pol\u00edtica de protecci\u00f3n de datos personales, Alimentaci\u00f3n Autom\u00e1tica para camarones Jetfeeder","breadcrumb":{"@id":"https:\/\/jetfeeder.com\/es-politica-de-proteccion-de-datos-personales\/#breadcrumb"},"inLanguage":"en-US","potentialAction":[{"@type":"ReadAction","target":["https:\/\/jetfeeder.com\/es-politica-de-proteccion-de-datos-personales\/"]}]},{"@type":"BreadcrumbList","@id":"https:\/\/jetfeeder.com\/es-politica-de-proteccion-de-datos-personales\/#breadcrumb","itemListElement":[{"@type":"ListItem","position":1,"name":"Portada","item":"https:\/\/jetfeeder.com\/"},{"@type":"ListItem","position":2,"name":"POL\u00cdTICA DE PROTECCI\u00d3N DE DATOS PERSONALES"}]},{"@type":"WebSite","@id":"https:\/\/jetfeeder.com\/#website","url":"https:\/\/jetfeeder.com\/","name":"JetFeeder Alimentaci\u00f3n Autom\u00e1tica Camarones","description":"La combinaci\u00f3n perfecta de tecnolog\u00eda y eficacia para maximizar el crecimiento y rentabilidad de tu camaronera.","publisher":{"@id":"https:\/\/jetfeeder.com\/#organization"},"potentialAction":[{"@type":"SearchAction","target":{"@type":"EntryPoint","urlTemplate":"https:\/\/jetfeeder.com\/?s={search_term_string}"},"query-input":{"@type":"PropertyValueSpecification","valueRequired":true,"valueName":"search_term_string"}}],"inLanguage":"en-US"},{"@type":"Organization","@id":"https:\/\/jetfeeder.com\/#organization","name":"JetFeeder Alimentaci\u00f3n Autom\u00e1tica Camarones","url":"https:\/\/jetfeeder.com\/","logo":{"@type":"ImageObject","inLanguage":"en-US","@id":"https:\/\/jetfeeder.com\/#\/schema\/logo\/image\/","url":"https:\/\/jetfeeder.com\/wp-content\/uploads\/2024\/01\/Logo-Jetfeeder.png","contentUrl":"https:\/\/jetfeeder.com\/wp-content\/uploads\/2024\/01\/Logo-Jetfeeder.png","width":85,"height":57,"caption":"JetFeeder Alimentaci\u00f3n Autom\u00e1tica Camarones"},"image":{"@id":"https:\/\/jetfeeder.com\/#\/schema\/logo\/image\/"}}]}},"_links":{"self":[{"href":"https:\/\/jetfeeder.com\/en\/wp-json\/wp\/v2\/pages\/16858","targetHints":{"allow":["GET"]}}],"collection":[{"href":"https:\/\/jetfeeder.com\/en\/wp-json\/wp\/v2\/pages"}],"about":[{"href":"https:\/\/jetfeeder.com\/en\/wp-json\/wp\/v2\/types\/page"}],"author":[{"embeddable":true,"href":"https:\/\/jetfeeder.com\/en\/wp-json\/wp\/v2\/users\/4"}],"replies":[{"embeddable":true,"href":"https:\/\/jetfeeder.com\/en\/wp-json\/wp\/v2\/comments?post=16858"}],"version-history":[{"count":46,"href":"https:\/\/jetfeeder.com\/en\/wp-json\/wp\/v2\/pages\/16858\/revisions"}],"predecessor-version":[{"id":19774,"href":"https:\/\/jetfeeder.com\/en\/wp-json\/wp\/v2\/pages\/16858\/revisions\/19774"}],"wp:attachment":[{"href":"https:\/\/jetfeeder.com\/en\/wp-json\/wp\/v2\/media?parent=16858"}],"curies":[{"name":"wp","href":"https:\/\/api.w.org\/{rel}","templated":true}]}}